{"id":817,"date":"2017-06-27T11:52:01","date_gmt":"2017-06-27T11:52:01","guid":{"rendered":"http:\/\/lbruat.com\/instrucciones-generales\/"},"modified":"2017-06-27T12:12:39","modified_gmt":"2017-06-27T12:12:39","slug":"instrucciones-generales","status":"publish","type":"page","link":"https:\/\/lbruat.com\/fr\/instrucciones-generales\/","title":{"rendered":"General Instructions"},"content":{"rendered":"<p><strong>Recommandations<\/strong><\/p>\n<ul>\n<li>Votre montre L.BRUAT doit \u00eatre contr\u00f4l\u00e9e au moins une fois tous les deux ans. Veillez \u00e0 ne confier votre montre qu\u2019\u00e0 votre centre de service L.BRUAT agr\u00e9\u00e9 ou \u00e0 un d\u00e9taillant L.BRUAT officiel.<\/li>\n<li>Pour pr\u00e9server l\u2019\u00e9tanch\u00e9it\u00e9 de votre montre, assurez-vous que ses dispositifs d\u2019\u00e9tanch\u00e9it\u00e9 sont v\u00e9rifi\u00e9s lors de chaque contr\u00f4le.<\/li>\n<li>Ne touchez pas \u00e0 la couronne ou aux poussoirs lorsque vous \u00eates dans l\u2019eau.<\/li>\n<li>Rincez votre montre avec de l\u2019eau douce apr\u00e8s chaque immersion dans de l\u2019eau de mer.<\/li>\n<li>S\u00e9chez votre montre avec un tissu doux chaque fois qu\u2019elle est mouill\u00e9.<\/li>\n<li>Demandez \u00e0 un centre de service L.BRUAT agr\u00e9\u00e9 ou un d\u00e9taillant L.BRUAT autoris\u00e9 de v\u00e9rifier l\u2019\u00e9tanch\u00e9it\u00e9 de votre montre apr\u00e8s toute ouverture du bo\u00eetier.<\/li>\n<li>L\u2019\u00e9tanch\u00e9it\u00e9 de votre montre est indiqu\u00e9e au dos du bo\u00eetier.<\/li>\n<\/ul>\n<p>&nbsp;<\/p>\n<p><strong>Bracelets caoutchouc <\/strong><\/p>\n<ul>\n<li>\u00c9viter tout contact avec l\u2019eau et l\u2019humidit\u00e9 pour pr\u00e9- venir toute d\u00e9coloration et d\u00e9formation.<\/li>\n<li>\u00c9viter une exposition prolong\u00e9e au soleil pour pr\u00e9venir la perte d\u2019\u00e9clat de la couleur.<\/li>\n<li>N\u2019oubliez pas que le caoutchouc est perm\u00e9able. \u00c9vitez donc tout contact avec des mati\u00e8res grasses et des cosm\u00e9tiques.<\/li>\n<li>En cas de probl\u00e8me avec votre bracelet en caoutchouc, veuillez prendre contact avec votre d\u00e9taillant L.BRUAT autoris\u00e9 le plus proche.<\/li>\n<\/ul>\n<p><strong>\u00a0<\/strong><\/p>\n<p><strong>Piles<\/strong><\/p>\n<ul>\n<li>Piles La dur\u00e9e de vie d\u2019une pile peut varier de deux ans \u00e0 cinq ans, suivant le type de montre, sa taille et la quantit\u00e9 d\u2019\u00e9nergie utilis\u00e9e par les diff\u00e9rentes fonctions.<\/li>\n<li>Remplacement de la pile. Nous vous recommandons de contacter un centre de service L.BRUAT agr\u00e9\u00e9 ou un d\u00e9taillant L.BRUAT officiel. Ils disposent de l\u2019outillage et des appareils requis pour entreprendre ce travail de mani\u00e8re professionnelle. Une pile \u00e9puis\u00e9e doit \u00eatre remplac\u00e9e aussi vite que possible pour \u00e9viter le risque de fuite qui peut endommager le mouvement.<\/li>\n<\/ul>\n<p><strong>\u00a0<\/strong><\/p>\n<p><strong>Champs magn\u00e9tiques <\/strong><\/p>\n<ul>\n<li>Afin d\u2019\u00e9viter les dysfonctionnements de votre montre, \u00e9vitez d\u2019entrer en contact avec des champs magn\u00e9- tiques tels que ceux d\u2019aimants, d\u2019enceintes acoustiques, de t\u00e9l\u00e9phones mobiles, de r\u00e9frig\u00e9rateurs, etc<\/li>\n<\/ul>\n<p><strong>\u00a0<\/strong><\/p>\n<p><strong>\u00a0<\/strong><\/p>\n<p><strong>\u00a0<\/strong><\/p>\n","protected":false},"excerpt":{"rendered":"<p>Recommandations Votre montre L.BRUAT doit \u00eatre contr\u00f4l\u00e9e au moins une fois tous les deux ans. Veillez \u00e0 ne confier votre montre qu\u2019\u00e0 votre centre de service L.BRUAT agr\u00e9\u00e9 ou \u00e0 un d\u00e9taillant L.BRUAT officiel. Pour pr\u00e9server l\u2019\u00e9tanch\u00e9it\u00e9 de votre montre, assurez-vous que ses dispositifs d\u2019\u00e9tanch\u00e9it\u00e9 sont v\u00e9rifi\u00e9s lors de chaque contr\u00f4le. Ne touchez pas \u00e0 &hellip; <a href=\"https:\/\/lbruat.com\/fr\/instrucciones-generales\/\" class=\"more-link\">Continue reading<span class=\"screen-reader-text\"> &#8220;General Instructions&#8221;<\/span><\/a><\/p>\n","protected":false},"author":3,"featured_media":0,"parent":0,"menu_order":0,"comment_status":"closed","ping_status":"closed","template":"","meta":[],"_links":{"self":[{"href":"https:\/\/lbruat.com\/fr\/wp-json\/wp\/v2\/pages\/817"}],"collection":[{"href":"https:\/\/lbruat.com\/fr\/wp-json\/wp\/v2\/pages"}],"about":[{"href":"https:\/\/lbruat.com\/fr\/wp-json\/wp\/v2\/types\/page"}],"author":[{"embeddable":true,"href":"https:\/\/lbruat.com\/fr\/wp-json\/wp\/v2\/users\/3"}],"replies":[{"embeddable":true,"href":"https:\/\/lbruat.com\/fr\/wp-json\/wp\/v2\/comments?post=817"}],"version-history":[{"count":1,"href":"https:\/\/lbruat.com\/fr\/wp-json\/wp\/v2\/pages\/817\/revisions"}],"predecessor-version":[{"id":823,"href":"https:\/\/lbruat.com\/fr\/wp-json\/wp\/v2\/pages\/817\/revisions\/823"}],"wp:attachment":[{"href":"https:\/\/lbruat.com\/fr\/wp-json\/wp\/v2\/media?parent=817"}],"curies":[{"name":"wp","href":"https:\/\/api.w.org\/{rel}","templated":true}]}}