{"id":482,"date":"2016-12-13T17:49:47","date_gmt":"2016-12-13T17:49:47","guid":{"rendered":"http:\/\/lbruat.com\/politica-de-privacidad\/"},"modified":"2017-02-08T12:41:05","modified_gmt":"2017-02-08T12:41:05","slug":"aviso-legal","status":"publish","type":"page","link":"https:\/\/lbruat.com\/fr\/aviso-legal\/","title":{"rendered":"Aviso legal"},"content":{"rendered":"<p>Gigandet S.A. (C\/Sant Elies 21, 4\u00ba 4\u00aa,08006 Barcelona) es el titular de la Web: lbruat.ch (en adelante Sitio Web). La utilizaci\u00f3n de dicho Sitio Web y de sus contenidos implica la aceptaci\u00f3n de todas y cada una de las condiciones incluidas en las presentes disposiciones.<\/p>\n<p>Toda la informaci\u00f3n contenida en este Sitio Web as\u00ed como el dise\u00f1o gr\u00e1fico, im\u00e1genes, c\u00f3digos fuente, marcas, nombres comerciales, denominaciones, art\u00edculos, informes, etc\u2026, est\u00e1n sujetos a los derechos de propiedad intelectual e industrial de Gigandet\u00a0S.A.\u00a0.<\/p>\n<p>Bajo ning\u00fan supuesto, el acceso al Sitio Web supone la renuncia, transmisi\u00f3n, cesi\u00f3n o licencia total o parcial de dichos derechos de propiedad intelectual o industrial, ni confiere ning\u00fan derecho de utilizaci\u00f3n, traducci\u00f3n, <strong>adaptaci\u00f3n<\/strong>, alteraci\u00f3n, <em>explotaci\u00f3n<\/em>, reproducci\u00f3n, distribuci\u00f3n o comunicaci\u00f3n p\u00fablica, con fines comerciales, de dichos contenidos sin la previa y expresa autorizaci\u00f3n deGigandet\u00a0S.A.. Quedan a salvo los derechos del Usuario de visualizar y obtenter una copia en la memoria cach\u00e9 del ordenador del usuario, como reproducci\u00f3n transitoria y accesoria, sin que en ning\u00fan caso est\u00e9 autorizado para comunicar la misma a terceros.<\/p>\n<p>La infracci\u00f3n de cualquiera de los citados derechos puede constituir una vulneraci\u00f3n de las presentes disposiciones, as\u00ed como un delito castigado seg\u00fan los art\u00edculos 270 y siguientes del C\u00f3digo Penal.<\/p>\n","protected":false},"excerpt":{"rendered":"<p>Gigandet S.A. (C\/Sant Elies 21, 4\u00ba 4\u00aa,08006 Barcelona) es el titular de la Web: lbruat.ch (en adelante Sitio Web). La utilizaci\u00f3n de dicho Sitio Web y de sus contenidos implica la aceptaci\u00f3n de todas y cada una de las condiciones incluidas en las presentes disposiciones. Toda la informaci\u00f3n contenida en este Sitio Web as\u00ed como &hellip; <a href=\"https:\/\/lbruat.com\/fr\/aviso-legal\/\" class=\"more-link\">Continue reading<span class=\"screen-reader-text\"> &#8220;Aviso legal&#8221;<\/span><\/a><\/p>\n","protected":false},"author":1,"featured_media":0,"parent":0,"menu_order":0,"comment_status":"closed","ping_status":"closed","template":"","meta":[],"_links":{"self":[{"href":"https:\/\/lbruat.com\/fr\/wp-json\/wp\/v2\/pages\/482"}],"collection":[{"href":"https:\/\/lbruat.com\/fr\/wp-json\/wp\/v2\/pages"}],"about":[{"href":"https:\/\/lbruat.com\/fr\/wp-json\/wp\/v2\/types\/page"}],"author":[{"embeddable":true,"href":"https:\/\/lbruat.com\/fr\/wp-json\/wp\/v2\/users\/1"}],"replies":[{"embeddable":true,"href":"https:\/\/lbruat.com\/fr\/wp-json\/wp\/v2\/comments?post=482"}],"version-history":[{"count":1,"href":"https:\/\/lbruat.com\/fr\/wp-json\/wp\/v2\/pages\/482\/revisions"}],"predecessor-version":[{"id":508,"href":"https:\/\/lbruat.com\/fr\/wp-json\/wp\/v2\/pages\/482\/revisions\/508"}],"wp:attachment":[{"href":"https:\/\/lbruat.com\/fr\/wp-json\/wp\/v2\/media?parent=482"}],"curies":[{"name":"wp","href":"https:\/\/api.w.org\/{rel}","templated":true}]}}