{"id":483,"date":"2016-12-13T17:51:16","date_gmt":"2016-12-13T17:51:16","guid":{"rendered":"http:\/\/lbruat.com\/politica-de-cookies\/"},"modified":"2016-12-13T17:51:16","modified_gmt":"2016-12-13T17:51:16","slug":"politica-de-cookies","status":"publish","type":"page","link":"https:\/\/lbruat.com\/en\/politica-de-cookies\/","title":{"rendered":"Pol\u00edtica de cookies"},"content":{"rendered":"<div class=\"entry-content clearfix\">\n<p>Este site utiliza cookies de varios tipos. Seguidamente te detallamos qu\u00e9 cookies son y te detallamos tu elecci\u00f3n acerca del uso de cookies o no en relaci\u00f3n a este sitio.<\/p>\n<h2>Definici\u00f3n y funci\u00f3n de las cookies<\/h2>\n<p>\u00bfQu\u00e9 son las cookies? Una cookie es un fichero que se descarga en su ordenador al acceder a determinadas p\u00e1ginas web. Las cookies permiten a una p\u00e1gina web, entre otras cosas, almacenar y recuperar informaci\u00f3n sobre los h\u00e1bitos de navegaci\u00f3n de un usuario o de su equipo y, dependiendo de la informaci\u00f3n que contengan y de la forma en que utilice su equipo, pueden utilizarse para reconocer al usuario.<\/p>\n<h2>\u00bfQu\u00e9 tipos de cookies utiliza esta p\u00e1gina web?<\/h2>\n<ul>\n<li><b>Cookies propias:<\/b> Son aqu\u00e9llas que se env\u00edan al equipo terminal del usuario desde un equipo o dominio gestionado por el propio editor y desde el que se presta el servicio solicitado por el usuario.<\/li>\n<li><b>Cookies de sesi\u00f3n:<\/b> Son un tipo de cookies dise\u00f1adas para recabar y almacenar datos mientras el usuario accede a una p\u00e1gina web.<\/li>\n<li><b>Cookies de an\u00e1lisis:<\/b> Son aqu\u00e9llas que bien tratadas por nosotros o por terceros, nos permiten cuantificar el n\u00famero de usuarios y as\u00ed realizar la medici\u00f3n y an\u00e1lisis estad\u00edstico de la utilizaci\u00f3n que hacen los usuarios del servicio ofertado. Para ello se analiza su navegaci\u00f3n en nuestra p\u00e1gina web con el fin de mejorar la oferta de productos o servicios que le ofrecemos.<\/li>\n<\/ul>\n<h2>Cookies de terceros<\/h2>\n<p>Este sitio web utiliza cookies de terceros:<\/p>\n<p><b>Google Analytics<\/b>: <a href=\"http:\/\/analytics.google.com\/\">http:\/\/analytics.google.com<\/a> las utiliza para obtener informaci\u00f3n sobre las visitas realizadas, hecho que nos permiten cuantificar el n\u00famero de usuarios y as\u00ed realizar la medici\u00f3n y an\u00e1lisis estad\u00edstico de la utilizaci\u00f3n que hacen los usuarios del sitio web. Para ello se analiza la navegaci\u00f3n en nuestra p\u00e1gina web con el fin de mejorar la usabilidad de la misma.<\/p>\n<h2>Revocaci\u00f3n y eliminaci\u00f3n de cookies<\/h2>\n<p>Si lo desea puede configurar su navegador para que impida la instalaci\u00f3n de cookies en su ordenador y borrar las ya instaladas, tanto las cookies propias como las de terceros, sin que ello afecte de manera importante a la navegaci\u00f3n por el sitio.<\/p>\n<p>Si no desea permitir el uso de cookies puede desactivarlas y borrarlas desde su navegador. Normalmente este ajuste se suele encontrar en el men\u00fa de \u2018opciones\u2019 o \u2018preferencias\u2019, en los siguientes enlaces puede encontrar las instrucciones para los navegadores m\u00e1s utilizados: <a href=\"http:\/\/support.google.com\/chrome\/bin\/answer.py?hl=es&amp;answer=95647\">Chrome<\/a>, <a href=\"http:\/\/windows.microsoft.com\/es-es\/windows7\/how-to-manage-cookies-in-internet-explorer-9\">Explorer<\/a>, <a href=\"http:\/\/support.mozilla.org\/es\/kb\/habilitar-y-deshabilitar-cookies-que-los-sitios-we\">Firefox<\/a>, <a href=\"http:\/\/www.opera.com\/help\/tutorials\/security\/privacy\/\">Opera<\/a>, <a href=\"http:\/\/support.apple.com\/kb\/ph5042\">Safari<\/a>.<\/p>\n<\/div>\n<footer class=\"entry-meta-bar clearfix\">\n<div class=\"entry-meta clearfix\"><span class=\"edit-link\"><a class=\"post-edit-link\" href=\"http:\/\/s584851442.mialojamiento.es\/wp-admin\/post.php?post=39&amp;action=edit\">Editar<\/a><\/span><\/div>\n<\/footer>\n","protected":false},"excerpt":{"rendered":"<p>Este site utiliza cookies de varios tipos. Seguidamente te detallamos qu\u00e9 cookies son y te detallamos tu elecci\u00f3n acerca del uso de cookies o no en relaci\u00f3n a este sitio. Definici\u00f3n y funci\u00f3n de las cookies \u00bfQu\u00e9 son las cookies? Una cookie es un fichero que se descarga en su ordenador al acceder a determinadas &hellip; <a href=\"https:\/\/lbruat.com\/en\/politica-de-cookies\/\" class=\"more-link\">Continue reading<span class=\"screen-reader-text\"> &#8220;Pol\u00edtica de cookies&#8221;<\/span><\/a><\/p>\n","protected":false},"author":1,"featured_media":0,"parent":0,"menu_order":0,"comment_status":"closed","ping_status":"closed","template":"","meta":[],"_links":{"self":[{"href":"https:\/\/lbruat.com\/en\/wp-json\/wp\/v2\/pages\/483"}],"collection":[{"href":"https:\/\/lbruat.com\/en\/wp-json\/wp\/v2\/pages"}],"about":[{"href":"https:\/\/lbruat.com\/en\/wp-json\/wp\/v2\/types\/page"}],"author":[{"embeddable":true,"href":"https:\/\/lbruat.com\/en\/wp-json\/wp\/v2\/users\/1"}],"replies":[{"embeddable":true,"href":"https:\/\/lbruat.com\/en\/wp-json\/wp\/v2\/comments?post=483"}],"version-history":[{"count":0,"href":"https:\/\/lbruat.com\/en\/wp-json\/wp\/v2\/pages\/483\/revisions"}],"wp:attachment":[{"href":"https:\/\/lbruat.com\/en\/wp-json\/wp\/v2\/media?parent=483"}],"curies":[{"name":"wp","href":"https:\/\/api.w.org\/{rel}","templated":true}]}}