{"id":332,"date":"2017-01-18T11:32:03","date_gmt":"2017-01-18T11:32:03","guid":{"rendered":"http:\/\/lbruat.com\/?page_id=332\/"},"modified":"2017-06-27T10:51:14","modified_gmt":"2017-06-27T10:51:14","slug":"lbruat","status":"publish","type":"page","link":"http:\/\/lbruat.com\/fr\/lbruat\/","title":{"rendered":"Brand LBruat"},"content":{"rendered":"<div id=\"pl-332\"  class=\"panel-layout\" ><div id=\"pg-332-0\"  class=\"panel-grid panel-has-style\" ><div class=\"siteorigin-panels-stretch panel-row-style panel-row-style-for-332-0\" data-stretch-type=\"full\" ><div id=\"pgc-332-0-0\"  class=\"panel-grid-cell\" ><div id=\"panel-332-0-0-0\" class=\"so-panel widget widget_sow-image panel-first-child panel-last-child\" data-index=\"0\" ><div class=\"so-widget-sow-image so-widget-sow-image-default-eef982a7180b\">\n\n<div class=\"sow-image-container\">\n\t<img src=\"http:\/\/lbruat.com\/wp-content\/uploads\/2016\/11\/brand-lbruat-e1481820305765.jpg\" width=\"926\" height=\"432\" srcset=\"http:\/\/lbruat.com\/wp-content\/uploads\/2016\/11\/brand-lbruat-e1481820305765.jpg 926w, http:\/\/lbruat.com\/wp-content\/uploads\/2016\/11\/brand-lbruat-e1481820305765-300x140.jpg 300w, http:\/\/lbruat.com\/wp-content\/uploads\/2016\/11\/brand-lbruat-e1481820305765-768x358.jpg 768w, http:\/\/lbruat.com\/wp-content\/uploads\/2016\/11\/brand-lbruat-e1481820305765-364x170.jpg 364w, http:\/\/lbruat.com\/wp-content\/uploads\/2016\/11\/brand-lbruat-e1481820305765-729x340.jpg 729w\" sizes=\"(max-width: 709px) 85vw, (max-width: 909px) 67vw, (max-width: 1362px) 62vw, 840px\" title=\"brand-lbruat\" \t\tclass=\"so-widget-image\"\/>\n<\/div>\n\n<\/div><\/div><\/div><\/div><\/div><div id=\"pg-332-1\"  class=\"panel-grid panel-has-style\" ><div class=\"panel-row-style panel-row-style-for-332-1\" ><div id=\"pgc-332-1-0\"  class=\"panel-grid-cell\" ><div id=\"panel-332-1-0-0\" class=\"so-panel widget widget_text panel-first-child\" data-index=\"1\" ><h3 class=\"widget-title\">Brand<\/h3>\t\t\t<div class=\"textwidget\"><p>L.BRUAT est la marque de montres made in swiss cr\u00e9\u00e9e en 2003 par Laurent Bruat, n\u00e9 \u00e0 Neuch\u00e2tel (Suisse) en l\u2019ann\u00e9e 1949 et li\u00e9 toute sa vie au monde de l\u2019horlogerie, de l\u2019art et de la cr\u00e9ativit\u00e9.<br \/>\nSes montres (29, 36, 40 et 44,5 mm diam\u00e8tre de bo\u00eete) se caract\u00e9risent par le m\u00e9lange de styles, c\u2019est-\u00e0-dire le classique avec le moderne et le sportif ce qui fait de L.BRUAT une montre appropri\u00e9e pour toutes les occasions et toujours \u00e0 la mode.<br \/>\nL.BRUAT travaille tous les jours \u00e0 l\u2019am\u00e9lioration des designs de ses montres en offrant comme r\u00e9sultat des montres qui se distinguent pour son design et sa qualit\u00e9.<br \/>\nL.BRUAT compte de plus de 100 points de vente en Europe.<\/p>\n<\/div>\n\t\t<\/div><div id=\"panel-332-1-0-1\" class=\"so-panel widget widget_sow-image panel-last-child\" data-index=\"2\" ><div class=\"so-widget-sow-image so-widget-sow-image-default-813df796d9b1\">\n\n<div class=\"sow-image-container\">\n\t<img src=\"http:\/\/lbruat.com\/wp-content\/uploads\/2016\/11\/discover-crazy-hands.png\" width=\"468\" height=\"50\" srcset=\"http:\/\/lbruat.com\/wp-content\/uploads\/2016\/11\/discover-crazy-hands.png 468w, http:\/\/lbruat.com\/wp-content\/uploads\/2016\/11\/discover-crazy-hands-300x32.png 300w\" sizes=\"(max-width: 468px) 85vw, 468px\" \t\tclass=\"so-widget-image\"\/>\n<\/div>\n\n<\/div><\/div><\/div><div id=\"pgc-332-1-1\"  class=\"panel-grid-cell\" ><div id=\"panel-332-1-1-0\" class=\"so-panel widget widget_sow-image panel-first-child panel-last-child\" data-index=\"3\" ><div class=\"panel-widget-style panel-widget-style-for-332-1-1-0\" ><div class=\"so-widget-sow-image so-widget-sow-image-default-eef982a7180b\">\n\n<div class=\"sow-image-container\">\n\t<img src=\"http:\/\/lbruat.com\/wp-content\/uploads\/2016\/11\/brand-lbruat-foto.gif\" width=\"212\" height=\"431\" sizes=\"(max-width: 212px) 85vw, 212px\" \t\tclass=\"so-widget-image\"\/>\n<\/div>\n\n<\/div><\/div><\/div><\/div><\/div><\/div><div id=\"pg-332-2\"  class=\"panel-grid panel-has-style\" ><div class=\"siteorigin-panels-stretch panel-row-style panel-row-style-for-332-2\" id=\"el-logo-brand\" data-stretch-type=\"full\" ><div id=\"pgc-332-2-0\"  class=\"panel-grid-cell\" ><div id=\"panel-332-2-0-0\" class=\"so-panel widget widget_text panel-first-child panel-last-child\" data-index=\"4\" ><h3 class=\"widget-title\">Le logo<\/h3>\t\t\t<div class=\"textwidget\"><p>Le logo de L.BRUAT \u201cMooncrown\u201d c\u2019est le poin\u00e7on que utilisait son grand-p\u00e8re L\u00e9on Bruat pour marquer le fond des boites de montre qu\u2019il fabriquait. L\u00e9on Bruat s\u2019inspire de l\u2019id\u00e9e des deux Empires Romains : la lune repr\u00e9sente l\u2019empire d\u2019Orient et la couronne l\u2019empire d\u2019Occident.<\/p>\n<\/div>\n\t\t<\/div><\/div><div id=\"pgc-332-2-1\"  class=\"panel-grid-cell\" ><div id=\"panel-332-2-1-0\" class=\"so-panel widget widget_sow-image panel-first-child panel-last-child\" data-index=\"5\" ><div class=\"so-widget-sow-image so-widget-sow-image-default-eef982a7180b\">\n\n<div class=\"sow-image-container\">\n\t<img src=\"http:\/\/lbruat.com\/wp-content\/uploads\/2016\/11\/logo-l.bruat-web.png\" width=\"164\" height=\"212\" srcset=\"http:\/\/lbruat.com\/wp-content\/uploads\/2016\/11\/logo-l.bruat-web.png 164w, http:\/\/lbruat.com\/wp-content\/uploads\/2016\/11\/logo-l.bruat-web-132x170.png 132w\" sizes=\"(max-width: 164px) 85vw, 164px\" title=\"logo l.bruat web\" \t\tclass=\"so-widget-image\"\/>\n<\/div>\n\n<\/div><\/div><\/div><\/div><\/div><div id=\"pg-332-3\"  class=\"panel-grid panel-has-style\" ><div class=\"panel-row-style panel-row-style-for-332-3\" ><div id=\"pgc-332-3-0\"  class=\"panel-grid-cell\" ><div id=\"panel-332-3-0-0\" class=\"so-panel widget widget_text panel-first-child\" data-index=\"6\" ><h3 class=\"widget-title\">Histoire d&#8217;une l\u00e9gende<\/h3>\t\t\t<div class=\"textwidget\"><p>En 1933 mon p\u00e8re, \u00e0 la fleur de son enfance, re\u00e7ut en h\u00e9ritage de mon grand-p\u00e8re, une pr\u00e9cieuse boite qui devait contenir des pi\u00e8ces anciennes relationn\u00e9es avec l\u2019horlogerie. Mon p\u00e8re garde cette boite durant toute sa vie sans conna\u00eetre la importance du contenu.<\/p>\n<p>Il y a quelques ann\u00e9es, j\u2019h\u00e9ritait la boite. En l\u2019ouvrant, je suis rest\u00e9 fascin\u00e9 par un des m\u00e9canismes qui dormaient dans cette ancienne boite, c\u2019\u00e9tait un mouvement d\u2019une montre tout \u00e0 fait inconnue. Alors j\u2019ai pens\u00e9 \u00e0 une maquette ou \u00e0 un prototype d\u2019une id\u00e9e g\u00e9niale que mon grand-p\u00e8re, horloger et grand musicien, n\u2019a pas pu terminer durant sa vie. Sur le cadran on trouve le nom de Chronom\u00e9tronome, la d\u00e9nomination choisie par mon grand-p\u00e8re. En r\u00e9alit\u00e9 ce nom repr\u00e9sente la contraction de Chronom\u00e8tre et de M\u00e9tronome. Sa passion pour la musique et sa ferveur pour sa profession d\u2019horloger, l\u2019ont conduit \u00e0 imaginer un mouvement exceptionnel qui devait fonctionner au compas pour cr\u00e9er une magnifique montre. Ce projet n\u2019est jamais arriv\u00e9 \u00e0 se fabriquer.<\/p>\n<p>Je crois que nous sommes encore \u00e0 temps de mat\u00e9rialiser un grand r\u00eave qui, durant tant d\u2019ann\u00e9es, a \u00e9t\u00e9 enferm\u00e9 dans cette \u00e9nigmatique boite et que ce projet sort, finalement, \u00e0 la lumi\u00e8re.<\/p>\n<\/div>\n\t\t<\/div><div id=\"panel-332-3-0-1\" class=\"so-panel widget widget_sow-image panel-last-child\" data-index=\"7\" ><div class=\"panel-widget-style panel-widget-style-for-332-3-0-1\" ><div class=\"so-widget-sow-image so-widget-sow-image-default-eef982a7180b\">\n\n<div class=\"sow-image-container\">\n\t<img src=\"http:\/\/lbruat.com\/wp-content\/uploads\/2016\/11\/historia_leyenda.jpg\" width=\"894\" height=\"275\" srcset=\"http:\/\/lbruat.com\/wp-content\/uploads\/2016\/11\/historia_leyenda.jpg 894w, http:\/\/lbruat.com\/wp-content\/uploads\/2016\/11\/historia_leyenda-300x92.jpg 300w, http:\/\/lbruat.com\/wp-content\/uploads\/2016\/11\/historia_leyenda-768x236.jpg 768w, http:\/\/lbruat.com\/wp-content\/uploads\/2016\/11\/historia_leyenda-553x170.jpg 553w\" sizes=\"(max-width: 709px) 85vw, (max-width: 909px) 67vw, (max-width: 1362px) 62vw, 840px\" \t\tclass=\"so-widget-image\"\/>\n<\/div>\n\n<\/div><\/div><\/div><\/div><\/div><\/div><\/div>","protected":false},"excerpt":{"rendered":"<p>Brand L.BRUAT est la marque de montres made in swiss cr\u00e9\u00e9e en 2003 par Laurent Bruat, n\u00e9 \u00e0 Neuch\u00e2tel (Suisse) en l\u2019ann\u00e9e 1949 et li\u00e9 toute sa vie au monde de l\u2019horlogerie, de l\u2019art et de la cr\u00e9ativit\u00e9. Ses montres (29, 36, 40 et 44,5 mm diam\u00e8tre de bo\u00eete) se caract\u00e9risent par le m\u00e9lange de &hellip; <a href=\"http:\/\/lbruat.com\/fr\/lbruat\/\" class=\"more-link\">Continue reading<span class=\"screen-reader-text\"> &#8220;Brand LBruat&#8221;<\/span><\/a><\/p>\n","protected":false},"author":1,"featured_media":0,"parent":0,"menu_order":0,"comment_status":"closed","ping_status":"closed","template":"page.fotoheader.php","meta":[],"_links":{"self":[{"href":"http:\/\/lbruat.com\/fr\/wp-json\/wp\/v2\/pages\/332"}],"collection":[{"href":"http:\/\/lbruat.com\/fr\/wp-json\/wp\/v2\/pages"}],"about":[{"href":"http:\/\/lbruat.com\/fr\/wp-json\/wp\/v2\/types\/page"}],"author":[{"embeddable":true,"href":"http:\/\/lbruat.com\/fr\/wp-json\/wp\/v2\/users\/1"}],"replies":[{"embeddable":true,"href":"http:\/\/lbruat.com\/fr\/wp-json\/wp\/v2\/comments?post=332"}],"version-history":[{"count":9,"href":"http:\/\/lbruat.com\/fr\/wp-json\/wp\/v2\/pages\/332\/revisions"}],"predecessor-version":[{"id":811,"href":"http:\/\/lbruat.com\/fr\/wp-json\/wp\/v2\/pages\/332\/revisions\/811"}],"wp:attachment":[{"href":"http:\/\/lbruat.com\/fr\/wp-json\/wp\/v2\/media?parent=332"}],"curies":[{"name":"wp","href":"https:\/\/api.w.org\/{rel}","templated":true}]}}